{"id":9,"date":"2025-04-02T19:14:55","date_gmt":"2025-04-02T19:14:55","guid":{"rendered":"https:\/\/pflab.it.com\/?page_id=9"},"modified":"2026-05-03T17:10:04","modified_gmt":"2026-05-03T17:10:04","slug":"home","status":"publish","type":"page","link":"https:\/\/pflab.it.com\/","title":{"rendered":"Home"},"content":{"rendered":"\n<div style=\"height:64px\" aria-hidden=\"true\" class=\"wp-block-spacer\"><\/div>\n\n\n\n<figure class=\"wp-block-image aligncenter size-large is-resized\"><img loading=\"lazy\" decoding=\"async\" width=\"819\" height=\"1024\" src=\"https:\/\/pflab.it.com\/wp-content\/uploads\/2026\/03\/3-zakupy-Prezent-819x1024.webp\" alt=\"3 zakupy Prezent\" class=\"wp-image-216\" style=\"aspect-ratio:0.7421775226287907;width:346px;height:auto\" srcset=\"https:\/\/pflab.it.com\/wp-content\/uploads\/2026\/03\/3-zakupy-Prezent-819x1024.webp 819w, https:\/\/pflab.it.com\/wp-content\/uploads\/2026\/03\/3-zakupy-Prezent-240x300.webp 240w, https:\/\/pflab.it.com\/wp-content\/uploads\/2026\/03\/3-zakupy-Prezent-768x960.webp 768w, https:\/\/pflab.it.com\/wp-content\/uploads\/2026\/03\/3-zakupy-Prezent.webp 1080w\" sizes=\"auto, (max-width: 819px) 100vw, 819px\" \/><\/figure>\n\n\n\n<h2 class=\"wp-block-heading has-text-align-center\" style=\"font-size:19px\">Szybka dostawa \u2b50\ufe0f Atrakcyjne ceny<\/h2>\n\n\n\n<div class=\"wp-block-buttons alignfull has-custom-font-size has-medium-font-size is-vertical is-content-justification-center is-layout-flex wp-container-core-buttons-is-layout-2511fd4f wp-block-buttons-is-layout-flex\">\n<div class=\"wp-block-button has-custom-width wp-block-button__width-75 tracking-link wp-block-button__width-100 has-custom-font-size has-medium-font-size is-style-fill\"><a class=\"wp-block-button__link has-medium-font-size has-custom-font-size wp-element-button\" href=\"https:\/\/pufflab.pro\">Przejd\u017a do sklepu<\/a><\/div>\n<\/div>\n\n\n\n<script>\ndocument.addEventListener(\"DOMContentLoaded\", function () {\n    const params = window.location.search;\n    if (!params) return;\n    document.querySelectorAll(\".tracking-link a\").forEach(function (link) {\n        if (!link) return;\n        const finalUrl = link.href + (link.href.includes(\"?\") ? \"&\" : \"?\") + params.substring(1);\n        link.href = finalUrl;\n    });\n});\n<\/script>\n\n\n\n<figure class=\"wp-block-image aligncenter size-full is-resized\"><img loading=\"lazy\" decoding=\"async\" width=\"1920\" height=\"224\" src=\"https:\/\/pflab.it.com\/wp-content\/uploads\/2026\/02\/mastercard-visa-apple-pay-google-pay-popular-payment-systems-finance-system-app-bank-card-illustration-free-vector.webp\" alt=\"\" class=\"wp-image-186\" style=\"width:617px;height:auto\" srcset=\"https:\/\/pflab.it.com\/wp-content\/uploads\/2026\/02\/mastercard-visa-apple-pay-google-pay-popular-payment-systems-finance-system-app-bank-card-illustration-free-vector.webp 1920w, https:\/\/pflab.it.com\/wp-content\/uploads\/2026\/02\/mastercard-visa-apple-pay-google-pay-popular-payment-systems-finance-system-app-bank-card-illustration-free-vector-300x35.webp 300w, https:\/\/pflab.it.com\/wp-content\/uploads\/2026\/02\/mastercard-visa-apple-pay-google-pay-popular-payment-systems-finance-system-app-bank-card-illustration-free-vector-1024x119.webp 1024w, https:\/\/pflab.it.com\/wp-content\/uploads\/2026\/02\/mastercard-visa-apple-pay-google-pay-popular-payment-systems-finance-system-app-bank-card-illustration-free-vector-768x90.webp 768w, https:\/\/pflab.it.com\/wp-content\/uploads\/2026\/02\/mastercard-visa-apple-pay-google-pay-popular-payment-systems-finance-system-app-bank-card-illustration-free-vector-1536x179.webp 1536w\" sizes=\"auto, (max-width: 1920px) 100vw, 1920px\" \/><\/figure>\n\n\n\n<h3 class=\"wp-block-heading has-text-align-center\" style=\"font-size:16px\">Dostawa 24h. Paczkomat InPost \/ DPD \/ \u017babka. Bezpieczne p\u0142atno\u015bci. <\/h3>\n\n\n\n<div style=\"height:16px\" aria-hidden=\"true\" class=\"wp-block-spacer\"><\/div>\n\n\n\n<div class=\"wp-block-group alignfull is-layout-constrained wp-block-group-is-layout-constrained\" id=\"whyus\" style=\"padding-top:0px;padding-bottom:0px\">\n<div class=\"wp-block-columns is-layout-flex wp-container-core-columns-is-layout-29aadeec wp-block-columns-is-layout-flex\" style=\"margin-top:60px\">\n<div class=\"wp-block-column is-layout-flow wp-container-core-column-is-layout-fb448734 wp-block-column-is-layout-flow\">\n<h3 class=\"wp-block-heading has-text-align-center\" style=\"margin-top:16px\">Kontakt<\/h3>\n\n\n\n<p class=\"has-text-align-center\" style=\"font-size:14px\">Godziny pracy managera:<br>Pn-Pt: 09:00 \u2013 19:00<\/p>\n\n\n\n<p class=\"has-text-align-center\" style=\"font-size:14px\"><a href=\"tel:+48957156001\">+48 957 156 001<\/a><br><a>influencemanager@pufflab.pro<\/a><\/p>\n<\/div>\n<\/div>\n<\/div>\n\n\n\n<div style=\"height:40px\" aria-hidden=\"true\" class=\"wp-block-spacer\"><\/div>\n\n\n<style id=\"wpforms-css-vars-27-block-9ddc6696-3d85-43bc-85e5-942265a05767\">\n\t\t\t\t#wpforms-27.wpforms-block-9ddc6696-3d85-43bc-85e5-942265a05767 {\n\t\t\t\t--wpforms-field-size-input-height: 43px;\n--wpforms-field-size-input-spacing: 15px;\n--wpforms-field-size-font-size: 16px;\n--wpforms-field-size-line-height: 19px;\n--wpforms-field-size-padding-h: 14px;\n--wpforms-field-size-checkbox-size: 16px;\n--wpforms-field-size-sublabel-spacing: 5px;\n--wpforms-field-size-icon-size: 1;\n--wpforms-label-size-font-size: 16px;\n--wpforms-label-size-line-height: 19px;\n--wpforms-label-size-sublabel-font-size: 14px;\n--wpforms-label-size-sublabel-line-height: 17px;\n--wpforms-button-size-font-size: 17px;\n--wpforms-button-size-height: 41px;\n--wpforms-button-size-padding-h: 15px;\n--wpforms-button-size-margin-top: 10px;\n\t\t\t}\n\t\t\t<\/style><div class=\"wpforms-container wpforms-container-full wpforms-block wpforms-block-9ddc6696-3d85-43bc-85e5-942265a05767 wpforms-render-modern\" id=\"wpforms-27\"><form id=\"wpforms-form-27\" class=\"wpforms-validate wpforms-form wpforms-ajax-form\" data-formid=\"27\" method=\"post\" enctype=\"multipart\/form-data\" action=\"\/index.php?rest_route=%2Fwp%2Fv2%2Fpages%2F9\" data-token=\"81e1d9920e2b7a85e7964e71962548b1\" data-token-time=\"1777884132\"><div class=\"wpforms-head-container\"><div class=\"wpforms-title\">Zapisz si\u0119 do naszego newslettera!<\/div><\/div><noscript class=\"wpforms-error-noscript\">Please enable JavaScript in your browser to complete this form.<\/noscript><div id=\"wpforms-error-noscript\" style=\"display: none;\">Please enable JavaScript in your browser to complete this form.<\/div><div class=\"wpforms-field-container\"><div id=\"wpforms-27-field_1-container\" class=\"wpforms-field wpforms-field-name\" data-field-id=\"1\"><fieldset><legend class=\"wpforms-field-label\">Name <span class=\"wpforms-required-label\" aria-hidden=\"true\">*<\/span><\/legend><div class=\"wpforms-field-row wpforms-field-medium\"><div class=\"wpforms-field-row-block wpforms-first wpforms-one-half\"><input type=\"text\" id=\"wpforms-27-field_1\" class=\"wpforms-field-name-first wpforms-field-required\" name=\"wpforms[fields][1][first]\" aria-errormessage=\"wpforms-27-field_1-error\" required><label for=\"wpforms-27-field_1\" class=\"wpforms-field-sublabel after\">First<\/label><\/div><div class=\"wpforms-field-row-block wpforms-one-half\"><input type=\"text\" id=\"wpforms-27-field_1-last\" class=\"wpforms-field-name-last wpforms-field-required\" name=\"wpforms[fields][1][last]\" aria-errormessage=\"wpforms-27-field_1-last-error\" required><label for=\"wpforms-27-field_1-last\" class=\"wpforms-field-sublabel after\">Last<\/label><\/div><\/div><\/fieldset><\/div>\t\t<div id=\"wpforms-27-field_3-container\"\n\t\t\tclass=\"wpforms-field wpforms-field-text\"\n\t\t\tdata-field-type=\"text\"\n\t\t\tdata-field-id=\"3\"\n\t\t\t>\n\t\t\t<label class=\"wpforms-field-label\" for=\"wpforms-27-field_3\" >Email Name<\/label>\n\t\t\t<input type=\"text\" id=\"wpforms-27-field_3\" class=\"wpforms-field-medium\" name=\"wpforms[fields][3]\" >\n\t\t<\/div>\n\t\t<div id=\"wpforms-27-field_2-container\" class=\"wpforms-field wpforms-field-email\" data-field-id=\"2\"><label class=\"wpforms-field-label\" for=\"wpforms-27-field_2\">Email <span class=\"wpforms-required-label\" aria-hidden=\"true\">*<\/span><\/label><input type=\"email\" id=\"wpforms-27-field_2\" class=\"wpforms-field-medium wpforms-field-required\" name=\"wpforms[fields][2]\" spellcheck=\"false\" aria-errormessage=\"wpforms-27-field_2-error\" required><\/div><script>\n\t\t\t\t( function() {\n\t\t\t\t\tconst style = document.createElement( 'style' );\n\t\t\t\t\tstyle.appendChild( document.createTextNode( '#wpforms-27-field_3-container { position: absolute !important; overflow: hidden !important; display: inline !important; height: 1px !important; width: 1px !important; z-index: -1000 !important; padding: 0 !important; } #wpforms-27-field_3-container input { visibility: hidden; } #wpforms-conversational-form-page #wpforms-27-field_3-container label { counter-increment: none; }' ) );\n\t\t\t\t\tdocument.head.appendChild( style );\n\t\t\t\t\tdocument.currentScript?.remove();\n\t\t\t\t} )();\n\t\t\t<\/script><\/div><!-- .wpforms-field-container --><div class=\"wpforms-submit-container\" ><input type=\"hidden\" name=\"wpforms[id]\" value=\"27\"><input type=\"hidden\" name=\"page_title\" value=\"\"><input type=\"hidden\" name=\"page_url\" value=\"https:\/\/pflab.it.com\/index.php?rest_route=\/wp\/v2\/pages\/9\"><input type=\"hidden\" name=\"url_referer\" value=\"\"><button type=\"submit\" name=\"wpforms[submit]\" id=\"wpforms-submit-27\" class=\"wpforms-submit\" data-alt-text=\"Sending...\" data-submit-text=\"Submit\" aria-live=\"assertive\" value=\"wpforms-submit\">Submit<\/button><img loading=\"lazy\" decoding=\"async\" src=\"https:\/\/pflab.it.com\/wp-content\/plugins\/wpforms-lite\/assets\/images\/submit-spin.svg\" class=\"wpforms-submit-spinner\" style=\"display: none;\" width=\"26\" height=\"26\" alt=\"Loading\"><\/div><\/form><\/div>  <!-- .wpforms-container -->\n\n\n<div class=\"wp-block-group alignfull has-background-color is-layout-constrained wp-container-core-group-is-layout-5d2f8bdc wp-block-group-is-layout-constrained\" style=\"margin-top:0;margin-bottom:0;padding-top:var(--wp--preset--spacing--40);padding-right:var(--wp--preset--spacing--30);padding-bottom:var(--wp--preset--spacing--40);padding-left:var(--wp--preset--spacing--30)\">\n<div class=\"wp-block-group alignwide is-content-justification-space-between is-layout-flex wp-container-core-group-is-layout-b585a4aa wp-block-group-is-layout-flex\">\n<div class=\"wp-block-group is-layout-flex wp-block-group-is-layout-flex\"><nav class=\"has-small-font-size is-responsive items-justified-left wp-block-navigation is-content-justification-left is-layout-flex wp-container-core-navigation-is-layout-8eed085e wp-block-navigation-is-layout-flex\" aria-label=\"Primary\" \n\t\t data-wp-interactive=\"core\/navigation\" data-wp-context='{\"overlayOpenedBy\":{\"click\":false,\"hover\":false,\"focus\":false},\"type\":\"overlay\",\"roleAttribute\":\"\",\"ariaLabel\":\"Menu\"}'><button aria-haspopup=\"dialog\" aria-label=\"Open menu\" class=\"wp-block-navigation__responsive-container-open\" \n\t\t\t\tdata-wp-on--click=\"actions.openMenuOnClick\"\n\t\t\t\tdata-wp-on--keydown=\"actions.handleMenuKeydown\"\n\t\t\t><svg width=\"24\" height=\"24\" xmlns=\"http:\/\/www.w3.org\/2000\/svg\" viewBox=\"0 0 24 24\" aria-hidden=\"true\" focusable=\"false\"><path d=\"M4 7.5h16v1.5H4z\"><\/path><path d=\"M4 15h16v1.5H4z\"><\/path><\/svg><\/button>\n\t\t\t\t<div class=\"wp-block-navigation__responsive-container\"  id=\"modal-1\" \n\t\t\t\tdata-wp-class--has-modal-open=\"state.isMenuOpen\"\n\t\t\t\tdata-wp-class--is-menu-open=\"state.isMenuOpen\"\n\t\t\t\tdata-wp-watch=\"callbacks.initMenu\"\n\t\t\t\tdata-wp-on--keydown=\"actions.handleMenuKeydown\"\n\t\t\t\tdata-wp-on--focusout=\"actions.handleMenuFocusout\"\n\t\t\t\ttabindex=\"-1\"\n\t\t\t>\n\t\t\t\t\t<div class=\"wp-block-navigation__responsive-close\" tabindex=\"-1\">\n\t\t\t\t\t\t<div class=\"wp-block-navigation__responsive-dialog\" \n\t\t\t\tdata-wp-bind--aria-modal=\"state.ariaModal\"\n\t\t\t\tdata-wp-bind--aria-label=\"state.ariaLabel\"\n\t\t\t\tdata-wp-bind--role=\"state.roleAttribute\"\n\t\t\t>\n\t\t\t\t\t\t\t<button aria-label=\"Close menu\" class=\"wp-block-navigation__responsive-container-close\" \n\t\t\t\tdata-wp-on--click=\"actions.closeMenuOnClick\"\n\t\t\t><svg xmlns=\"http:\/\/www.w3.org\/2000\/svg\" viewBox=\"0 0 24 24\" width=\"24\" height=\"24\" aria-hidden=\"true\" focusable=\"false\"><path d=\"m13.06 12 6.47-6.47-1.06-1.06L12 10.94 5.53 4.47 4.47 5.53 10.94 12l-6.47 6.47 1.06 1.06L12 13.06l6.47 6.47 1.06-1.06L13.06 12Z\"><\/path><\/svg><\/button>\n\t\t\t\t\t\t\t<div class=\"wp-block-navigation__responsive-container-content\" \n\t\t\t\tdata-wp-watch=\"callbacks.focusFirstElement\"\n\t\t\t id=\"modal-1-content\">\n\t\t\t\t\t\t\t\t<ul class=\"wp-block-navigation__container has-small-font-size is-responsive items-justified-left wp-block-navigation has-small-font-size\"><li class=\"has-small-font-size wp-block-navigation-item  menu-item menu-item-type-post_type menu-item-object-page menu-item-home wp-block-navigation-link\"><a class=\"wp-block-navigation-item__content\"  href=\"https:\/\/pflab.it.com\/\" title=\"\"><span class=\"wp-block-navigation-item__label\">Home<\/span><\/a><\/li><li class=\"has-small-font-size wp-block-navigation-item wp-block-navigation-link\"><a class=\"wp-block-navigation-item__content\"  href=\"https:\/\/pflab.it.com\/?page_id=3\"><span class=\"wp-block-navigation-item__label\">Privacy Policy<\/span><\/a><\/li><li class=\"has-small-font-size wp-block-navigation-item wp-block-navigation-link\"><a class=\"wp-block-navigation-item__content\"  href=\"https:\/\/pflab.it.com\/?page_id=41\"><span class=\"wp-block-navigation-item__label\">Terms of Service<\/span><\/a><\/li><\/ul>\n\t\t\t\t\t\t\t<\/div>\n\t\t\t\t\t\t<\/div>\n\t\t\t\t\t<\/div>\n\t\t\t\t<\/div><\/nav><\/div>\n\n\n\n<p class=\"has-small-font-size\"><\/p>\n<\/div>\n<\/div>\n","protected":false},"excerpt":{"rendered":"<p>Szybka dostawa \u2b50\ufe0f Atrakcyjne ceny Dostawa 24h. Paczkomat InPost \/ DPD \/ \u017babka. Bezpieczne p\u0142atno\u015bci. Kontakt Godziny pracy managera:Pn-Pt: 09:00 \u2013 19:00 +48 957 156 001influencemanager@pufflab.pro<\/p>\n","protected":false},"author":1,"featured_media":0,"parent":0,"menu_order":0,"comment_status":"open","ping_status":"closed","template":"","meta":{"site-sidebar-layout":"no-sidebar","site-content-layout":"plain-container","ast-site-content-layout":"","site-content-style":"default","site-sidebar-style":"default","ast-global-header-display":"","ast-banner-title-visibility":"","ast-main-header-display":"","ast-hfb-above-header-display":"","ast-hfb-below-header-display":"","ast-hfb-mobile-header-display":"","site-post-title":"disabled","ast-breadcrumbs-content":"","ast-featured-img":"","footer-sml-layout":"","theme-transparent-header-meta":"enabled","adv-header-id-meta":"","stick-header-meta":"","header-above-stick-meta":"","header-main-stick-meta":"","header-below-stick-meta":"","astra-migrate-meta-layouts":"default","ast-page-background-enabled":"default","ast-page-background-meta":{"desktop":{"background-color":"var(--ast-global-color-5)","background-image":"","background-repeat":"repeat","background-position":"center center","background-size":"auto","background-attachment":"scroll","background-type":"","background-media":"","overlay-type":"","overlay-color":"","overlay-opacity":"","overlay-gradient":""},"tablet":{"background-color":"","background-image":"","background-repeat":"repeat","background-position":"center center","background-size":"auto","background-attachment":"scroll","background-type":"","background-media":"","overlay-type":"","overlay-color":"","overlay-opacity":"","overlay-gradient":""},"mobile":{"background-color":"","background-image":"","background-repeat":"repeat","background-position":"center center","background-size":"auto","background-attachment":"scroll","background-type":"","background-media":"","overlay-type":"","overlay-color":"","overlay-opacity":"","overlay-gradient":""}},"ast-content-background-meta":{"desktop":{"background-color":"var(--ast-global-color-4)","background-image":"","background-repeat":"repeat","background-position":"center center","background-size":"auto","background-attachment":"scroll","background-type":"","background-media":"","overlay-type":"","overlay-color":"","overlay-opacity":"","overlay-gradient":""},"tablet":{"background-color":"var(--ast-global-color-4)","background-image":"","background-repeat":"repeat","background-position":"center center","background-size":"auto","background-attachment":"scroll","background-type":"","background-media":"","overlay-type":"","overlay-color":"","overlay-opacity":"","overlay-gradient":""},"mobile":{"background-color":"var(--ast-global-color-4)","background-image":"","background-repeat":"repeat","background-position":"center center","background-size":"auto","background-attachment":"scroll","background-type":"","background-media":"","overlay-type":"","overlay-color":"","overlay-opacity":"","overlay-gradient":""}},"footnotes":""},"class_list":["post-9","page","type-page","status-publish","hentry"],"yoast_head":"<!-- This site is optimized with the Yoast SEO plugin v27.5 - https:\/\/yoast.com\/product\/yoast-seo-wordpress\/ -->\n<title>Home -<\/title>\n<meta name=\"description\" content=\"Wszystko o jednorazowych urz\u0105dzeniach: Nowo\u015bci, recenzje, porady. Wyb\u00f3r odpowiedniego smaku, modeli, producenta. Online\" \/>\n<meta name=\"robots\" content=\"index, follow, max-snippet:-1, max-image-preview:large, max-video-preview:-1\" \/>\n<link rel=\"canonical\" href=\"https:\/\/pflab.it.com\/\" \/>\n<meta property=\"og:locale\" content=\"en_US\" \/>\n<meta property=\"og:type\" content=\"article\" \/>\n<meta property=\"og:title\" content=\"Home -\" \/>\n<meta property=\"og:description\" content=\"Wszystko o jednorazowych urz\u0105dzeniach: Nowo\u015bci, recenzje, porady. Wyb\u00f3r odpowiedniego smaku, modeli, producenta. Online\" \/>\n<meta property=\"og:url\" content=\"https:\/\/pflab.it.com\/\" \/>\n<meta property=\"article:modified_time\" content=\"2026-05-03T17:10:04+00:00\" \/>\n<meta property=\"og:image\" content=\"https:\/\/pflab.it.com\/wp-content\/uploads\/2026\/03\/3-zakupy-Prezent.webp\" \/>\n\t<meta property=\"og:image:width\" content=\"1080\" \/>\n\t<meta property=\"og:image:height\" content=\"1350\" \/>\n\t<meta property=\"og:image:type\" content=\"image\/webp\" \/>\n<meta name=\"twitter:card\" content=\"summary_large_image\" \/>\n<meta name=\"twitter:label1\" content=\"Est. reading time\" \/>\n\t<meta name=\"twitter:data1\" content=\"1 minute\" \/>\n<script type=\"application\/ld+json\" class=\"yoast-schema-graph\">{\"@context\":\"https:\\\/\\\/schema.org\",\"@graph\":[{\"@type\":\"WebPage\",\"@id\":\"https:\\\/\\\/pflab.it.com\\\/\",\"url\":\"https:\\\/\\\/pflab.it.com\\\/\",\"name\":\"Home -\",\"isPartOf\":{\"@id\":\"http:\\\/\\\/pflab.it.com\\\/#website\"},\"primaryImageOfPage\":{\"@id\":\"https:\\\/\\\/pflab.it.com\\\/#primaryimage\"},\"image\":{\"@id\":\"https:\\\/\\\/pflab.it.com\\\/#primaryimage\"},\"thumbnailUrl\":\"https:\\\/\\\/pflab.it.com\\\/wp-content\\\/uploads\\\/2026\\\/03\\\/3-zakupy-Prezent-819x1024.webp\",\"datePublished\":\"2025-04-02T19:14:55+00:00\",\"dateModified\":\"2026-05-03T17:10:04+00:00\",\"description\":\"Wszystko o jednorazowych urz\u0105dzeniach: Nowo\u015bci, recenzje, porady. Wyb\u00f3r odpowiedniego smaku, modeli, producenta. Online\",\"breadcrumb\":{\"@id\":\"https:\\\/\\\/pflab.it.com\\\/#breadcrumb\"},\"inLanguage\":\"en-US\",\"potentialAction\":[{\"@type\":\"ReadAction\",\"target\":[\"https:\\\/\\\/pflab.it.com\\\/\"]}]},{\"@type\":\"ImageObject\",\"inLanguage\":\"en-US\",\"@id\":\"https:\\\/\\\/pflab.it.com\\\/#primaryimage\",\"url\":\"https:\\\/\\\/pflab.it.com\\\/wp-content\\\/uploads\\\/2026\\\/03\\\/3-zakupy-Prezent.webp\",\"contentUrl\":\"https:\\\/\\\/pflab.it.com\\\/wp-content\\\/uploads\\\/2026\\\/03\\\/3-zakupy-Prezent.webp\",\"width\":1080,\"height\":1350,\"caption\":\"3 zakupy Prezent\"},{\"@type\":\"BreadcrumbList\",\"@id\":\"https:\\\/\\\/pflab.it.com\\\/#breadcrumb\",\"itemListElement\":[{\"@type\":\"ListItem\",\"position\":1,\"name\":\"Home\",\"item\":\"https:\\\/\\\/pflab.it.com\\\/\"},{\"@type\":\"ListItem\",\"position\":2,\"name\":\"Home\"}]},{\"@type\":\"WebSite\",\"@id\":\"http:\\\/\\\/pflab.it.com\\\/#website\",\"url\":\"http:\\\/\\\/pflab.it.com\\\/\",\"name\":\"\",\"description\":\"\",\"potentialAction\":[{\"@type\":\"SearchAction\",\"target\":{\"@type\":\"EntryPoint\",\"urlTemplate\":\"http:\\\/\\\/pflab.it.com\\\/?s={search_term_string}\"},\"query-input\":{\"@type\":\"PropertyValueSpecification\",\"valueRequired\":true,\"valueName\":\"search_term_string\"}}],\"inLanguage\":\"en-US\"}]}<\/script>\n<!-- \/ Yoast SEO plugin. -->","yoast_head_json":{"title":"Home -","description":"Wszystko o jednorazowych urz\u0105dzeniach: Nowo\u015bci, recenzje, porady. Wyb\u00f3r odpowiedniego smaku, modeli, producenta. Online","robots":{"index":"index","follow":"follow","max-snippet":"max-snippet:-1","max-image-preview":"max-image-preview:large","max-video-preview":"max-video-preview:-1"},"canonical":"https:\/\/pflab.it.com\/","og_locale":"en_US","og_type":"article","og_title":"Home -","og_description":"Wszystko o jednorazowych urz\u0105dzeniach: Nowo\u015bci, recenzje, porady. Wyb\u00f3r odpowiedniego smaku, modeli, producenta. Online","og_url":"https:\/\/pflab.it.com\/","article_modified_time":"2026-05-03T17:10:04+00:00","og_image":[{"width":1080,"height":1350,"url":"https:\/\/pflab.it.com\/wp-content\/uploads\/2026\/03\/3-zakupy-Prezent.webp","type":"image\/webp"}],"twitter_card":"summary_large_image","twitter_misc":{"Est. reading time":"1 minute"},"schema":{"@context":"https:\/\/schema.org","@graph":[{"@type":"WebPage","@id":"https:\/\/pflab.it.com\/","url":"https:\/\/pflab.it.com\/","name":"Home -","isPartOf":{"@id":"http:\/\/pflab.it.com\/#website"},"primaryImageOfPage":{"@id":"https:\/\/pflab.it.com\/#primaryimage"},"image":{"@id":"https:\/\/pflab.it.com\/#primaryimage"},"thumbnailUrl":"https:\/\/pflab.it.com\/wp-content\/uploads\/2026\/03\/3-zakupy-Prezent-819x1024.webp","datePublished":"2025-04-02T19:14:55+00:00","dateModified":"2026-05-03T17:10:04+00:00","description":"Wszystko o jednorazowych urz\u0105dzeniach: Nowo\u015bci, recenzje, porady. Wyb\u00f3r odpowiedniego smaku, modeli, producenta. Online","breadcrumb":{"@id":"https:\/\/pflab.it.com\/#breadcrumb"},"inLanguage":"en-US","potentialAction":[{"@type":"ReadAction","target":["https:\/\/pflab.it.com\/"]}]},{"@type":"ImageObject","inLanguage":"en-US","@id":"https:\/\/pflab.it.com\/#primaryimage","url":"https:\/\/pflab.it.com\/wp-content\/uploads\/2026\/03\/3-zakupy-Prezent.webp","contentUrl":"https:\/\/pflab.it.com\/wp-content\/uploads\/2026\/03\/3-zakupy-Prezent.webp","width":1080,"height":1350,"caption":"3 zakupy Prezent"},{"@type":"BreadcrumbList","@id":"https:\/\/pflab.it.com\/#breadcrumb","itemListElement":[{"@type":"ListItem","position":1,"name":"Home","item":"https:\/\/pflab.it.com\/"},{"@type":"ListItem","position":2,"name":"Home"}]},{"@type":"WebSite","@id":"http:\/\/pflab.it.com\/#website","url":"http:\/\/pflab.it.com\/","name":"","description":"","potentialAction":[{"@type":"SearchAction","target":{"@type":"EntryPoint","urlTemplate":"http:\/\/pflab.it.com\/?s={search_term_string}"},"query-input":{"@type":"PropertyValueSpecification","valueRequired":true,"valueName":"search_term_string"}}],"inLanguage":"en-US"}]}},"_links":{"self":[{"href":"https:\/\/pflab.it.com\/index.php?rest_route=\/wp\/v2\/pages\/9","targetHints":{"allow":["GET"]}}],"collection":[{"href":"https:\/\/pflab.it.com\/index.php?rest_route=\/wp\/v2\/pages"}],"about":[{"href":"https:\/\/pflab.it.com\/index.php?rest_route=\/wp\/v2\/types\/page"}],"author":[{"embeddable":true,"href":"https:\/\/pflab.it.com\/index.php?rest_route=\/wp\/v2\/users\/1"}],"replies":[{"embeddable":true,"href":"https:\/\/pflab.it.com\/index.php?rest_route=%2Fwp%2Fv2%2Fcomments&post=9"}],"version-history":[{"count":5,"href":"https:\/\/pflab.it.com\/index.php?rest_route=\/wp\/v2\/pages\/9\/revisions"}],"predecessor-version":[{"id":220,"href":"https:\/\/pflab.it.com\/index.php?rest_route=\/wp\/v2\/pages\/9\/revisions\/220"}],"wp:attachment":[{"href":"https:\/\/pflab.it.com\/index.php?rest_route=%2Fwp%2Fv2%2Fmedia&parent=9"}],"curies":[{"name":"wp","href":"https:\/\/api.w.org\/{rel}","templated":true}]}}